{"id":29,"date":"2018-02-09T17:14:54","date_gmt":"2018-02-09T17:14:54","guid":{"rendered":"http:\/.payo-themes.com\/?page_id=29"},"modified":"2025-12-20T12:37:46","modified_gmt":"2025-12-20T15:37:46","slug":"tour","status":"publish","type":"page","link":"https:\/\/patagoniaysenfishing.com\/?page_id=29","title":{"rendered":"Tour"},"content":{"rendered":"\n<h2 class=\"wp-block-heading\">Sejour en itinerance<\/h2>\n\n\n\n<div class=\"wp-block-columns is-layout-flex wp-container-core-columns-is-layout-9d6595d7 wp-block-columns-is-layout-flex\">\n<div class=\"wp-block-column is-layout-flow wp-block-column-is-layout-flow\" style=\"flex-basis:40%\">\n<figure class=\"wp-block-image size-large\"><img fetchpriority=\"high\" decoding=\"async\" width=\"709\" height=\"1024\" src=\"https:\/\/patagoniaysenfishing.com\/wp-content\/uploads\/2025\/12\/Gemini_Generated_Image_ryh85zryh85zryh8-709x1024.jpeg\" alt=\"\" class=\"wp-image-1251\" srcset=\"https:\/\/patagoniaysenfishing.com\/wp-content\/uploads\/2025\/12\/Gemini_Generated_Image_ryh85zryh85zryh8-709x1024.jpeg 709w, https:\/\/patagoniaysenfishing.com\/wp-content\/uploads\/2025\/12\/Gemini_Generated_Image_ryh85zryh85zryh8-208x300.jpeg 208w, https:\/\/patagoniaysenfishing.com\/wp-content\/uploads\/2025\/12\/Gemini_Generated_Image_ryh85zryh85zryh8-768x1109.jpeg 768w, https:\/\/patagoniaysenfishing.com\/wp-content\/uploads\/2025\/12\/Gemini_Generated_Image_ryh85zryh85zryh8-1063x1536.jpeg 1063w, https:\/\/patagoniaysenfishing.com\/wp-content\/uploads\/2025\/12\/Gemini_Generated_Image_ryh85zryh85zryh8-1418x2048.jpeg 1418w, https:\/\/patagoniaysenfishing.com\/wp-content\/uploads\/2025\/12\/Gemini_Generated_Image_ryh85zryh85zryh8.jpeg 1728w\" sizes=\"(max-width: 709px) 100vw, 709px\" \/><\/figure>\n<\/div>\n\n\n\n<div class=\"wp-block-column is-layout-flow wp-block-column-is-layout-flow\" style=\"flex-basis:50%\">\n<p>Je vous propose de vous faire d\u00e9couvrir ce que la Patagonie chilienne a de plus beau \u00e0 vous offrir, au moment o\u00f9 l\u2019hiver gagne l\u2019Europe, le printemps arrive au Chili\u2026<br>Il s\u2019agit d\u2019un s\u00e9jour en dehors des sentiers battus et des coins de p\u00eache les plus fr\u00e9quents, afin de vous proposer quelque chose d\u2019unique et authentique. Les p\u00eacheurs de tous niveaux sont les bienvenus.<br>Nous partirons 7 jours depuis Coyhaique, o\u00f9 vous trouverez le n\u00e9cessaire pour les oublis et achats de derni\u00e8re minute.<br>Pour cette partie de p\u00eache en itin\u00e9rance, nous logerons dans trois zones diff\u00e9rentes de la r\u00e9gion d\u2019Ays\u00e9n, afin de nous \u00e9viter des heures de voiture et que vous puissiez profiter pleinement de votre temps de p\u00eache.<\/p>\n\n\n\n<p>L\u2019h\u00e9bergement se fera en cabanes, petit g\u00eete confortable, avec deux chambres, salon, salle de bain, cuisine, barbecue, wifi\u2026 Chaque groupe de p\u00eacheurs disposera de sa propre cabane.<\/p>\n\n\n\n<p>Nous y prendrons le petit-d\u00e9jeuner et le repas du soir. Le midi, le repas se fera au bord de l\u2019eau avec un casse-cro\u00fbte copieux pr\u00e9par\u00e9 par mes soins.<\/p>\n\n\n\n<p>Nous serons \u00e9quip\u00e9s d\u2019un v\u00e9hicule tout-terrain, d\u2019un cataraft avec moteur pour les grands lacs et de float tubes pour les lagunas, afin de faire d\u00e9river lentement nos mouches le long des berges et des herbiers\u2026<\/p>\n<\/div>\n<\/div>\n\n\n\n<div class=\"wp-block-columns is-layout-flex wp-container-core-columns-is-layout-9d6595d7 wp-block-columns-is-layout-flex\">\n<div class=\"wp-block-column is-layout-flow wp-block-column-is-layout-flow\" style=\"flex-basis:66.66%\">\n<p>Les rivi\u00e8res vont vous surprendre avec leurs profils vari\u00e9s : nous alternerons entre grandes rivi\u00e8res puissantes, petites sinueuses, spring creek\u2026<\/p>\n\n\n\n<p>Pour la majorit\u00e9 des rivi\u00e8res, une p\u00eache en wading est possible : vous pourrez attaquer les poissons avec facilit\u00e9. Quant aux coups du soir, les \u00e9closions peuvent \u00eatre massives et vous donneront des \u00e9motions qui n\u2019existent plus en France.<\/p>\n\n\n\n<p>Si la m\u00e9t\u00e9o devient maussade, les saumons seront nos compagnons de jeu, car ils appr\u00e9cient une petite pluie alors que les truites deviennent boudeuses.<\/p>\n\n\n\n<p>Le fait seul de pouvoir admirer ces saumons, d\u00e9passant souvent le m\u00e8tre, sauter devant vos yeux est un spectacle.<\/p>\n\n\n\n<p>Il faudra \u00eatre bien pr\u00e9par\u00e9 et avoir des nerfs d\u2019acier, car les combats de saumon Chinook sont violents et la moindre erreur se soldera par une casse ou une ouverture d\u2019hame\u00e7ons\u2026<\/p>\n<\/div>\n\n\n\n<div class=\"wp-block-column is-layout-flow wp-block-column-is-layout-flow\" style=\"flex-basis:33.33%\">\n<figure class=\"wp-block-image size-large\"><img decoding=\"async\" width=\"1024\" height=\"768\" src=\"https:\/\/patagoniaysenfishing.com\/wp-content\/uploads\/2025\/10\/WhatsApp-Image-2025-10-30-at-15.45.37-1-1024x768.jpeg\" alt=\"\" class=\"wp-image-1114\" srcset=\"https:\/\/patagoniaysenfishing.com\/wp-content\/uploads\/2025\/10\/WhatsApp-Image-2025-10-30-at-15.45.37-1-1024x768.jpeg 1024w, https:\/\/patagoniaysenfishing.com\/wp-content\/uploads\/2025\/10\/WhatsApp-Image-2025-10-30-at-15.45.37-1-300x225.jpeg 300w, https:\/\/patagoniaysenfishing.com\/wp-content\/uploads\/2025\/10\/WhatsApp-Image-2025-10-30-at-15.45.37-1-768x576.jpeg 768w, https:\/\/patagoniaysenfishing.com\/wp-content\/uploads\/2025\/10\/WhatsApp-Image-2025-10-30-at-15.45.37-1.jpeg 1280w\" sizes=\"(max-width: 1024px) 100vw, 1024px\" \/><\/figure>\n<\/div>\n<\/div>\n\n\n\n<p>Nous articulerons le s\u00e9jour ainsi : 2 jours grandes rivi\u00e8res, 2 jours petites et moyennes rivi\u00e8res, 1 journ\u00e9e saumon, 1 journ\u00e9e au choix des p\u00eacheurs.<br>Je serai votre guide et interpr\u00e8te lors des \u00e9changes avec les Chiliens, qui sont de nature accueillante et sympathique, mais dans les coins recul\u00e9s, les Patagons sont difficiles \u00e0 comprendre : il faudra tendre l\u2019oreille.<\/p>\n\n\n<style type=\"text\/css\">\n#foogallery-gallery-1177 .fg-image { width: 200px; }<\/style>\n\t\t\t<div class=\"foogallery foogallery-container foogallery-carousel foogallery-lightbox-foogallery fg-carousel fg-ready fg-light fg-border-medium fg-round-small fg-shadow-medium fg-loading-default fg-loaded-fade-in fg-hover-semi-zoomed fg-hover-fade fg-hover-circle-plus2\" id=\"foogallery-gallery-1177\" data-foogallery=\"{&quot;item&quot;:{&quot;showCaptionTitle&quot;:true,&quot;showCaptionDescription&quot;:true},&quot;lazy&quot;:true,&quot;template&quot;:{&quot;maxItems&quot;:5,&quot;scale&quot;:0.12,&quot;gutter&quot;:{&quot;min&quot;:-40,&quot;max&quot;:-20,&quot;unit&quot;:&quot;%&quot;},&quot;autoplay&quot;:{&quot;time&quot;:0,&quot;interaction&quot;:&quot;pause&quot;},&quot;centerOnClick&quot;:true}}\" data-foogallery-lightbox=\"{&quot;thumbs&quot;:&quot;bottom&quot;,&quot;thumbsCaptions&quot;:false,&quot;thumbsBestFit&quot;:false,&quot;thumbsSmall&quot;:false,&quot;thumbsCaptionsAlign&quot;:&quot;default&quot;,&quot;info&quot;:&quot;bottom&quot;,&quot;infoVisible&quot;:true,&quot;infoOverlay&quot;:true,&quot;infoAlign&quot;:&quot;default&quot;,&quot;transition&quot;:&quot;fade&quot;,&quot;hoverButtons&quot;:false,&quot;fitMedia&quot;:false,&quot;noScrollbars&quot;:true,&quot;preserveButtonSpace&quot;:true,&quot;buttons&quot;:{&quot;fullscreen&quot;:true,&quot;info&quot;:true,&quot;thumbs&quot;:false},&quot;video&quot;:{&quot;autoPlay&quot;:true}}\" >\n\t<button type=\"button\" class=\"fg-carousel-prev\"><\/button>\n\t<div class=\"fg-carousel-inner\">\n\t\t<div class=\"fg-carousel-center\"><\/div>\n\t\t<div class=\"fg-item fg-type-image fg-idle\"><figure class=\"fg-item-inner\"><a href=\"https:\/\/patagoniaysenfishing.com\/wp-content\/uploads\/2025\/12\/WhatsApp-Image-2025-12-09-at-17.17.55.jpeg\" data-attachment-id=\"1178\" data-e-disable-page-transition=\"true\" data-type=\"image\" class=\"fg-thumb\"><span class=\"fg-image-wrap\"><img decoding=\"async\" width=\"200\" height=\"200\" class=\"skip-lazy fg-image\" data-src-fg=\"https:\/\/patagoniaysenfishing.com\/wp-content\/uploads\/cache\/2025\/12\/WhatsApp-Image-2025-12-09-at-17_17_55\/4169682462.jpeg\" src=\"data:image\/svg+xml,%3Csvg%20xmlns%3D%22http%3A%2F%2Fwww.w3.org%2F2000%2Fsvg%22%20width%3D%22200%22%20height%3D%22200%22%20viewBox%3D%220%200%20200%20200%22%3E%3C%2Fsvg%3E\" loading=\"eager\"><\/span><span class=\"fg-image-overlay\"><\/span><\/a><\/figure><div class=\"fg-loader\"><\/div><\/div><div class=\"fg-item fg-type-image fg-idle\"><figure class=\"fg-item-inner\"><a href=\"https:\/\/patagoniaysenfishing.com\/wp-content\/uploads\/2025\/12\/WhatsApp-Image-2025-10-30-at-17.45.40.jpeg\" data-attachment-id=\"1179\" data-e-disable-page-transition=\"true\" data-type=\"image\" class=\"fg-thumb\"><span class=\"fg-image-wrap\"><img decoding=\"async\" width=\"200\" height=\"200\" class=\"skip-lazy fg-image\" data-src-fg=\"https:\/\/patagoniaysenfishing.com\/wp-content\/uploads\/cache\/2025\/12\/WhatsApp-Image-2025-10-30-at-17_45_40\/1721225641.jpeg\" src=\"data:image\/svg+xml,%3Csvg%20xmlns%3D%22http%3A%2F%2Fwww.w3.org%2F2000%2Fsvg%22%20width%3D%22200%22%20height%3D%22200%22%20viewBox%3D%220%200%20200%20200%22%3E%3C%2Fsvg%3E\" loading=\"eager\"><\/span><span class=\"fg-image-overlay\"><\/span><\/a><\/figure><div class=\"fg-loader\"><\/div><\/div><div class=\"fg-item fg-type-image fg-idle\"><figure class=\"fg-item-inner\"><a href=\"https:\/\/patagoniaysenfishing.com\/wp-content\/uploads\/2025\/12\/F3K5PQNPDNB5JDDD6HJRK5ATN4.jpeg\" data-attachment-id=\"1182\" data-e-disable-page-transition=\"true\" data-type=\"image\" class=\"fg-thumb\"><span class=\"fg-image-wrap\"><img decoding=\"async\" width=\"200\" height=\"200\" class=\"skip-lazy fg-image\" data-src-fg=\"https:\/\/patagoniaysenfishing.com\/wp-content\/uploads\/cache\/2025\/12\/F3K5PQNPDNB5JDDD6HJRK5ATN4\/3450309268.jpeg\" src=\"data:image\/svg+xml,%3Csvg%20xmlns%3D%22http%3A%2F%2Fwww.w3.org%2F2000%2Fsvg%22%20width%3D%22200%22%20height%3D%22200%22%20viewBox%3D%220%200%20200%20200%22%3E%3C%2Fsvg%3E\" loading=\"eager\"><\/span><span class=\"fg-image-overlay\"><\/span><\/a><\/figure><div class=\"fg-loader\"><\/div><\/div><div class=\"fg-item fg-type-image fg-idle\"><figure class=\"fg-item-inner\"><a href=\"https:\/\/patagoniaysenfishing.com\/wp-content\/uploads\/2025\/12\/saumon-gravlax-agrume-galanga-scaled.jpg\" data-attachment-id=\"1183\" data-e-disable-page-transition=\"true\" data-type=\"image\" class=\"fg-thumb\"><span class=\"fg-image-wrap\"><img decoding=\"async\" width=\"200\" height=\"200\" class=\"skip-lazy fg-image\" data-src-fg=\"https:\/\/patagoniaysenfishing.com\/wp-content\/uploads\/cache\/2025\/12\/saumon-gravlax-agrume-galanga-scaled\/428857685.jpg\" src=\"data:image\/svg+xml,%3Csvg%20xmlns%3D%22http%3A%2F%2Fwww.w3.org%2F2000%2Fsvg%22%20width%3D%22200%22%20height%3D%22200%22%20viewBox%3D%220%200%20200%20200%22%3E%3C%2Fsvg%3E\" loading=\"eager\"><\/span><span class=\"fg-image-overlay\"><\/span><\/a><\/figure><div class=\"fg-loader\"><\/div><\/div>\t<\/div>\n\t<div class=\"fg-carousel-bottom\"><\/div>\n\t<div class=\"fg-carousel-progress\"><\/div>\n\t<button type=\"button\" class=\"fg-carousel-next\"><\/button>\n<\/div>\n\n\n\n<p>C\u00f4t\u00e9 restauration, vous ne serez pas en reste : ancien cuisinier, je vous pr\u00e9parerai les repas et vous ferai d\u00e9couvrir les produits de la r\u00e9gion : filet de b\u0153uf, morilles, empanadas, cazuela, pastel de choclo, saumon gravelax maison\u2026<br>Le Chili poss\u00e8de d\u2019excellents vignobles au nord ainsi que de bonnes bi\u00e8res artisanales locales.<br>Sur demande et avec le consentement g\u00e9n\u00e9ral du groupe, il sera possible de varier le programme ou de revenir sur un secteur qui vous a plu.<br>Aucun amoureux de la nature n\u2019est pr\u00e9par\u00e9 \u00e0 un tel spectacle, dans un des derniers endroits au monde o\u00f9 l\u2019homme n\u2019a pas alt\u00e9r\u00e9 son milieu et o\u00f9 la nature a toute sa place.<br>\u00c0 bient\u00f4t, Matthieu.<\/p>\n\n\n\n<p><\/p>\n","protected":false},"excerpt":{"rendered":"<p class=\"excerpt\">\t\t\t\t<![CDATA[]]>\t\t<\/p>\n","protected":false},"author":1,"featured_media":0,"parent":0,"menu_order":0,"comment_status":"closed","ping_status":"closed","template":"","meta":{"footnotes":""},"class_list":["post-29","page","type-page","status-publish","hentry"],"_links":{"self":[{"href":"https:\/\/patagoniaysenfishing.com\/index.php?rest_route=\/wp\/v2\/pages\/29","targetHints":{"allow":["GET"]}}],"collection":[{"href":"https:\/\/patagoniaysenfishing.com\/index.php?rest_route=\/wp\/v2\/pages"}],"about":[{"href":"https:\/\/patagoniaysenfishing.com\/index.php?rest_route=\/wp\/v2\/types\/page"}],"author":[{"embeddable":true,"href":"https:\/\/patagoniaysenfishing.com\/index.php?rest_route=\/wp\/v2\/users\/1"}],"replies":[{"embeddable":true,"href":"https:\/\/patagoniaysenfishing.com\/index.php?rest_route=%2Fwp%2Fv2%2Fcomments&post=29"}],"version-history":[{"count":10,"href":"https:\/\/patagoniaysenfishing.com\/index.php?rest_route=\/wp\/v2\/pages\/29\/revisions"}],"predecessor-version":[{"id":1252,"href":"https:\/\/patagoniaysenfishing.com\/index.php?rest_route=\/wp\/v2\/pages\/29\/revisions\/1252"}],"wp:attachment":[{"href":"https:\/\/patagoniaysenfishing.com\/index.php?rest_route=%2Fwp%2Fv2%2Fmedia&parent=29"}],"curies":[{"name":"wp","href":"https:\/\/api.w.org\/{rel}","templated":true}]}}