{"id":1065,"date":"2019-07-22T12:07:07","date_gmt":"2019-07-22T12:07:07","guid":{"rendered":"http:\/\/travelador.payo-themes.com\/?page_id=941"},"modified":"2025-12-20T11:29:49","modified_gmt":"2025-12-20T14:29:49","slug":"home-new-2","status":"publish","type":"page","link":"https:\/\/patagoniaysenfishing.com\/","title":{"rendered":"Home new"},"content":{"rendered":"<div id=\"pl-1065\"  class=\"panel-layout\" ><div id=\"pg-1065-0\"  class=\"panel-grid panel-has-style\" ><div class=\"panel-row-style panel-row-style-for-1065-0\" ><div id=\"pgc-1065-0-0\"  class=\"panel-grid-cell\" ><div id=\"panel-1065-0-0-0\" class=\"so-panel widget widget_text panel-first-child panel-last-child\" data-index=\"0\" >\t\t\t<div class=\"textwidget\">\n\t\t\t<!-- START News Gallery7 REVOLUTION SLIDER 6.5.8 --><p class=\"rs-p-wp-fix\"><\/p>\n\t\t\t<rs-module-wrap id=\"rev_slider_1_1_wrapper\" data-source=\"gallery\" style=\"visibility:hidden;background:#ffffff;padding:0;margin:0px auto;margin-top:0;margin-bottom:0;\">\n\t\t\t\t<rs-module id=\"rev_slider_1_1\" style=\"\" data-version=\"6.5.8\">\n\t\t\t\t\t<rs-slides>\n\t\t\t\t\t\t<rs-slide style=\"position: absolute;\" data-key=\"rs-1\" data-title=\"INDONESIA TRAVEL BY CAR\" data-description=\"Safari Trip in Indonesia with George\" data-in=\"o:0;y:(100%);\" data-out=\"y:(-60%);\">\n\t\t\t\t\t\t\t<img fetchpriority=\"high\" decoding=\"async\" fetchpriority=\"high\" src=\"\/\/patagoniaysenfishing.com\/wp-content\/plugins\/revslider\/public\/assets\/assets\/dummy.png\" title=\"WhatsApp Image 2025-08-26 at 14.22.33\" width=\"1600\" height=\"1200\" class=\"rev-slidebg tp-rs-img rs-lazyload\" data-lazyload=\"\/\/patagoniaysenfishing.com\/wp-content\/uploads\/2025\/09\/WhatsApp-Image-2025-08-26-at-14.22.33.jpeg\" data-parallax=\"10\" data-no-retina>\n<!--\n\t\t\t\t\t\t\t--><rs-layer\n\t\t\t\t\t\t\t\tid=\"slider-1-slide-1-layer-1\" \n\t\t\t\t\t\t\t\tdata-type=\"text\"\n\t\t\t\t\t\t\t\tdata-color=\"rgba(255, 255, 255, 1)\"\n\t\t\t\t\t\t\t\tdata-rsp_ch=\"on\"\n\t\t\t\t\t\t\t\tdata-xy=\"xo:270px,50px,49px,30px;yo:176px,187px,240px,253px;\"\n\t\t\t\t\t\t\t\tdata-text=\"w:normal;s:60,50,38,28;l:71,55,48,38;\"\n\t\t\t\t\t\t\t\tdata-dim=\"w:600px,600px,600px,420px;\"\n\t\t\t\t\t\t\t\tdata-padding=\"b:10;\"\n\t\t\t\t\t\t\t\tdata-frame_0=\"y:-100%;o:1;\"\n\t\t\t\t\t\t\t\tdata-frame_0_mask=\"u:t;\"\n\t\t\t\t\t\t\t\tdata-frame_1=\"st:1000;sp:1500;sR:1000;\"\n\t\t\t\t\t\t\t\tdata-frame_1_mask=\"u:t;\"\n\t\t\t\t\t\t\t\tdata-frame_999=\"st:w;sp:1000;sR:6500;auto:true;\"\n\t\t\t\t\t\t\t\tdata-frame_999_mask=\"u:t;\"\n\t\t\t\t\t\t\t\tstyle=\"z-index:6;font-family:'Roboto Condensed';\"\n\t\t\t\t\t\t\t>Bienvenue en Patagonie d\u2019Ays\u00e9n, un paradis pour les p\u00eacheurs \n\t\t\t\t\t\t\t<\/rs-layer><!--\n\n\t\t\t\t\t\t\t--><rs-layer\n\t\t\t\t\t\t\t\tid=\"slider-1-slide-1-layer-2\" \n\t\t\t\t\t\t\t\tdata-type=\"text\"\n\t\t\t\t\t\t\t\tdata-color=\"#ffffff||rgba(168, 216, 238, 1)||rgba(168, 216, 238, 1)||rgba(168, 216, 238, 1)\"\n\t\t\t\t\t\t\t\tdata-rsp_ch=\"on\"\n\t\t\t\t\t\t\t\tdata-xy=\"xo:273px,50px,50px,30px;yo:132px,143px,194px,212px;\"\n\t\t\t\t\t\t\t\tdata-text=\"s:14,15,15,15;l:20;fw:700;\"\n\t\t\t\t\t\t\t\tdata-padding=\"t:5;r:10;b:5;l:10;\"\n\t\t\t\t\t\t\t\tdata-frame_0=\"y:-100%;o:1;\"\n\t\t\t\t\t\t\t\tdata-frame_0_mask=\"u:t;\"\n\t\t\t\t\t\t\t\tdata-frame_1=\"st:1000;sp:1500;sR:1000;\"\n\t\t\t\t\t\t\t\tdata-frame_1_mask=\"u:t;\"\n\t\t\t\t\t\t\t\tdata-frame_999=\"st:w;sp:1000;sR:6500;auto:true;\"\n\t\t\t\t\t\t\t\tdata-frame_999_mask=\"u:t;\"\n\t\t\t\t\t\t\t\tstyle=\"z-index:7;background-color:#3ed1b7;font-family:'Roboto Slab';\"\n\t\t\t\t\t\t\t>P\u00eache \u00e0 la mouche \n\t\t\t\t\t\t\t<\/rs-layer><!--\n\n\t\t\t\t\t\t\t--><rs-layer\n\t\t\t\t\t\t\t\tid=\"slider-1-slide-1-layer-3\" \n\t\t\t\t\t\t\t\tclass=\"tp-shape tp-shapewrapper\"\n\t\t\t\t\t\t\t\tdata-type=\"shape\"\n\t\t\t\t\t\t\t\tdata-rsp_ch=\"on\"\n\t\t\t\t\t\t\t\tdata-xy=\"x:c;y:m;\"\n\t\t\t\t\t\t\t\tdata-text=\"w:normal;fw:700;\"\n\t\t\t\t\t\t\t\tdata-dim=\"w:100%;h:100%;\"\n\t\t\t\t\t\t\t\tdata-basealign=\"slide\"\n\t\t\t\t\t\t\t\tdata-frame_1=\"st:1000;sp:1500;sR:1000;\"\n\t\t\t\t\t\t\t\tdata-frame_999=\"o:0;st:w;sp:1000;sR:6500;\"\n\t\t\t\t\t\t\t\tstyle=\"z-index:5;background-color:rgba(0,0,0,0.35);\"\n\t\t\t\t\t\t\t> \n\t\t\t\t\t\t\t<\/rs-layer><!--\n\n\t\t\t\t\t\t\t--><a\n\t\t\t\t\t\t\t\tid=\"slider-1-slide-1-layer-5\" \n\t\t\t\t\t\t\t\tclass=\"rs-layer rev-btn\"\n\t\t\t\t\t\t\t\thref=\"https:\/\/patagoniaysenfishing.com\/?page_id=29\" target=\"_self\"\n\t\t\t\t\t\t\t\tdata-type=\"button\"\n\t\t\t\t\t\t\t\tdata-color=\"rgba(255, 255, 255, 1)\"\n\t\t\t\t\t\t\t\tdata-xy=\"xo:277px,54px,50px,30px;yo:414px,415px,397px,396px;\"\n\t\t\t\t\t\t\t\tdata-text=\"s:14,13,13,13;l:17;fw:700;\"\n\t\t\t\t\t\t\t\tdata-rsp_bd=\"off\"\n\t\t\t\t\t\t\t\tdata-padding=\"t:12;r:35;b:12;l:35;\"\n\t\t\t\t\t\t\t\tdata-border=\"bos:solid;boc:#ffffff;bow:2px,2px,2px,2px;\"\n\t\t\t\t\t\t\t\tdata-frame_0=\"y:-100%;o:1;\"\n\t\t\t\t\t\t\t\tdata-frame_0_mask=\"u:t;\"\n\t\t\t\t\t\t\t\tdata-frame_1=\"st:1000;sp:1500;sR:1000;\"\n\t\t\t\t\t\t\t\tdata-frame_1_mask=\"u:t;\"\n\t\t\t\t\t\t\t\tdata-frame_999=\"st:w;sp:1000;sR:6500;auto:true;\"\n\t\t\t\t\t\t\t\tdata-frame_999_mask=\"u:t;\"\n\t\t\t\t\t\t\t\tdata-frame_hover=\"c:#000;bgc:#fff;boc:#fff;bor:0px,0px,0px,0px;bos:solid;bow:2px,2px,2px,2px;oX:50;oY:50;e:power1.inOut;\"\n\t\t\t\t\t\t\t\tstyle=\"z-index:8;font-family:'Roboto Slab';cursor:pointer;outline:none;box-shadow:none;box-sizing:border-box;-moz-box-sizing:border-box;-webkit-box-sizing:border-box;\"\n\t\t\t\t\t\t\t>D\u00e9couvrir le tour \n\t\t\t\t\t\t\t<\/a><!--\n-->\t\t\t\t\t\t<\/rs-slide>\n\t\t\t\t\t<\/rs-slides>\n\t\t\t\t<\/rs-module>\n\t\t\t\t<script type=\"text\/javascript\">\n\t\t\t\t\tsetREVStartSize({c: 'rev_slider_1_1',rl:[1240,1024,778,480],el:[750,550,550,500],gw:[1240,1024,778,480],gh:[750,550,550,500],type:'standard',justify:'',layout:'fullwidth',mh:\"0\"});if (window.RS_MODULES!==undefined && window.RS_MODULES.modules!==undefined && window.RS_MODULES.modules[\"revslider11\"]!==undefined) {window.RS_MODULES.modules[\"revslider11\"].once = false;window.revapi1 = undefined;if (window.RS_MODULES.checkMinimal!==undefined) window.RS_MODULES.checkMinimal()}\n\t\t\t\t<\/script>\n\t\t\t<\/rs-module-wrap>\n\t\t\t<!-- END REVOLUTION SLIDER -->\n\n<\/div>\n\t\t<\/div><\/div><\/div><\/div><div id=\"pg-1065-1\"  class=\"panel-grid panel-has-style\" ><div class=\"siteorigin-panels-stretch panel-row-style panel-row-style-for-1065-1\" data-stretch-type=\"full\" ><div id=\"pgc-1065-1-0\"  class=\"panel-grid-cell\" ><div id=\"panel-1065-1-0-0\" class=\"so-panel widget widget_text panel-first-child\" data-index=\"1\" ><div class=\"sidebars panel-widget-style panel-widget-style-for-1065-1-0-0\" >\t\t\t<div class=\"textwidget\"><p style=\"padding: 20px 20px 0px; text-align: center;\"><img loading=\"lazy\" decoding=\"async\" class=\"wp-image-1121 size-medium aligncenter\" src=\"https:\/\/patagoniaysenfishing.com\/wp-content\/uploads\/2025\/11\/WhatsApp-Image-2025-11-14-at-12.23.47-225x300.jpeg\" alt=\"\" width=\"225\" height=\"300\" srcset=\"https:\/\/patagoniaysenfishing.com\/wp-content\/uploads\/2025\/11\/WhatsApp-Image-2025-11-14-at-12.23.47-225x300.jpeg 225w, https:\/\/patagoniaysenfishing.com\/wp-content\/uploads\/2025\/11\/WhatsApp-Image-2025-11-14-at-12.23.47-767x1024.jpeg 767w, https:\/\/patagoniaysenfishing.com\/wp-content\/uploads\/2025\/11\/WhatsApp-Image-2025-11-14-at-12.23.47-768x1025.jpeg 768w, https:\/\/patagoniaysenfishing.com\/wp-content\/uploads\/2025\/11\/WhatsApp-Image-2025-11-14-at-12.23.47.jpeg 959w\" sizes=\"(max-width: 225px) 100vw, 225px\" \/><\/p>\n<p style=\"padding: 20px 20px 0px; text-align: center;\">Je vous propose de vous faire d\u00e9couvrir ce que la Patagonie chilienne a de plus beau \u00e0 vous offrir : au moment o\u00f9 l\u2019hiver gagne l\u2019Europe, le printemps arrive au Chili\u2026 Il s\u2019agit d\u2019un s\u00e9jour en dehors des sentiers battus et des coins de p\u00eache les plus fr\u00e9quent\u00e9s, afin de vous proposer quelque chose d\u2019unique et d\u2019authentique, les p\u00eacheurs de tous niveaux sont les bienvenus.<\/p>\n<\/div>\n\t\t<\/div><\/div><div id=\"panel-1065-1-0-1\" class=\"widget_text so-panel widget widget_custom_html panel-last-child\" data-index=\"2\" ><div class=\"widget_text padding-bottom20 panel-widget-style panel-widget-style-for-1065-1-0-1\" ><div class=\"textwidget custom-html-widget\"><div class=\"widget_social\">            \n<ul class=\"sociallinks padd20btn\">\n<li><a href=\"https:\/\/www.instagram.com\/patagoniaysenfishing\/\" target=\"_blank\" rel=\"noopener\"><i class=\"fa fa-instagram\"><\/i><\/a><\/li>\n<li><a href=\"https:\/\/wa.me\/56944959588\" target=\"_blank\" rel=\"noopener\"><i class=\"fa fa-whatsapp\"><\/i><\/a><\/li>\n<\/ul>\n<\/div>\n<\/div><\/div><\/div><\/div><div id=\"pgc-1065-1-1\"  class=\"panel-grid-cell\" ><div id=\"panel-1065-1-1-0\" class=\"so-panel widget widget_text panel-first-child panel-last-child\" data-index=\"3\" >\t\t\t<div class=\"textwidget\"><p data-start=\"0\" data-end=\"325\">Nous partirons 6 jours depuis Coyhaique, o\u00f9 vous trouverez le n\u00e9cessaire pour les achats de derni\u00e8re minute. Pour cette partie de p\u00eache en itin\u00e9rance, nous logerons dans deux zones diff\u00e9rentes de la r\u00e9gion d\u2019Ays\u00e9n, afin de nous \u00e9viter des heures de voiture et que vous puissiez profiter pleinement de votre temps de p\u00eache.<\/p>\n<ul data-start=\"327\" data-end=\"1418\" data-is-last-node=\"\" data-is-only-node=\"\">\n<li data-start=\"327\" data-end=\"668\">\n<p data-start=\"329\" data-end=\"668\">L\u2019h\u00e9bergement se fera en cabanes, petits g\u00eetes confortables, avec deux chambres, salon, salle de bain, cuisine, barbecue, Wi-Fi\u2026 Chaque groupe de p\u00eacheurs disposera de sa propre cabane. Nous y prendrons le petit-d\u00e9jeuner ; le midi, le repas se fera au bord de l\u2019eau avec un casse-cro\u00fbte copieux pr\u00e9par\u00e9 par mes soins, le soir nous alternerons entre restaurant et cuisine maison.<\/p>\n<\/li>\n<li data-start=\"669\" data-end=\"879\">\n<p data-start=\"671\" data-end=\"879\">Nous serons \u00e9quip\u00e9s d\u2019un v\u00e9hicule tout-terrain, d\u2019un cataraft avec moteur pour les grands lacs et de float-tubes pour les lagunes, afin de faire d\u00e9river lentement nos mouches le long des berges et herbiers\u2026<\/p>\n<\/li>\n<li data-start=\"880\" data-end=\"1418\" data-is-last-node=\"\">\n<p data-start=\"882\" data-end=\"1418\" data-is-last-node=\"\">Les rivi\u00e8res vont vous surprendre avec leurs profils vari\u00e9s ; nous alternerons entre grandes rivi\u00e8res puissantes, petites sinueuses, spring creek\u2026 Pour la majorit\u00e9 des rivi\u00e8res, une p\u00eache en wading est possible, vous pourrez attaquer les poissons avec facilit\u00e9. Quant aux coups du soir, les \u00e9closions peuvent \u00eatre massives et vous donneront des \u00e9motions qui n\u2019existent plus en France. Si la m\u00e9t\u00e9o devient maussade, les saumons seront nos compagnons de jeu, car ils appr\u00e9cient une petite pluie alors que les truites deviennent boudeuses.<\/p>\n<\/li>\n<li data-start=\"880\" data-end=\"1418\" data-is-last-node=\"\">Si les condititons meteo ne permettent pas de pecher, un remboursement sera prevu.<\/li>\n<\/ul>\n<\/div>\n\t\t<\/div><\/div><\/div><\/div><div id=\"pg-1065-2\"  class=\"panel-grid panel-no-style\" ><div id=\"pgc-1065-2-0\"  class=\"panel-grid-cell\" ><div id=\"panel-1065-2-0-0\" class=\"so-panel widget widget_sow-image panel-first-child panel-last-child\" data-index=\"4\" ><div\n\t\t\t\n\t\t\tclass=\"so-widget-sow-image so-widget-sow-image-default-a258e6bfa2d8-1065\"\n\t\t\t\n\t\t>\n<div class=\"sow-image-container\">\n\t\t<img loading=\"lazy\" \n\tsrc=\"https:\/\/patagoniaysenfishing.com\/wp-content\/uploads\/2025\/10\/mainpage-1024x388.jpeg\" width=\"1024\" height=\"388\" srcset=\"https:\/\/patagoniaysenfishing.com\/wp-content\/uploads\/2025\/10\/mainpage-1024x388.jpeg 1024w, https:\/\/patagoniaysenfishing.com\/wp-content\/uploads\/2025\/10\/mainpage-300x114.jpeg 300w, https:\/\/patagoniaysenfishing.com\/wp-content\/uploads\/2025\/10\/mainpage-768x291.jpeg 768w, https:\/\/patagoniaysenfishing.com\/wp-content\/uploads\/2025\/10\/mainpage.jpeg 1280w\" sizes=\"(max-width: 1024px) 100vw, 1024px\" alt=\"\" \t\tclass=\"so-widget-image\"\/>\n\t<\/div>\n\n<\/div><\/div><\/div><\/div><div id=\"pg-1065-3\"  class=\"panel-grid panel-has-style\" ><div class=\"siteorigin-panels-stretch panel-row-style panel-row-style-for-1065-3\" data-stretch-type=\"full\" ><div id=\"pgc-1065-3-0\"  class=\"panel-grid-cell\" ><div id=\"panel-1065-3-0-0\" class=\"so-panel widget widget_text panel-first-child panel-last-child\" data-index=\"5\" >\t\t\t<div class=\"textwidget\"><div>Le fait seul de pouvoir admirer ces saumons, d\u00e9passant souvent le m\u00e8tre, sauter devant vos yeux est un spectacle.<\/div>\n<div>\n<p data-start=\"296\" data-end=\"671\">\u2013 Nous articulerons le s\u00e9jour ainsi : 2jours rivi\u00e8res \u2013 1 journ\u00e9e saumon \u2013 1 journ\u00e9e lac et une aux choix des p\u00eacheurs. Je serai votre guide et interpr\u00e8te lors des \u00e9changes avec les Chiliens qui sont de nature accueillante et sympathique, mais dans les coins recul\u00e9s les Patagons sont difficiles \u00e0 comprendre, il faudra tendre l\u2019oreille.<\/p>\n<p data-start=\"673\" data-end=\"1004\">\u2013 C\u00f4t\u00e9 restauration, vous ne serez pas en reste : ancien cuisinier, je vous pr\u00e9parerai les repas et vous ferai d\u00e9couvrir les produits de la r\u00e9gion, filet de b\u0153uf, morilles, empanadas, cazuela, pastel de choclo, saumon gravlax maison\u2026 Nous irons egalements aux restaurants proposant des specialites.Le Chili poss\u00e8de d\u2019excellents vignobles au nord ainsi que de bonnes bi\u00e8res artisanales locales.<\/p>\n<p data-start=\"1006\" data-end=\"1319\">Sur demande et avec le consentement g\u00e9n\u00e9ral du groupe, il sera possible de varier le programme ou de revenir sur un secteur qui vous a plu.<\/p>\n<p data-start=\"1321\" data-end=\"1341\" data-is-last-node=\"\" data-is-only-node=\"\">\u00c0 bient\u00f4t, Matthieu.<\/p>\n<\/div>\n<\/div>\n\t\t<\/div><\/div><div id=\"pgc-1065-3-1\"  class=\"panel-grid-cell\" ><div id=\"panel-1065-3-1-0\" class=\"so-panel widget widget_text panel-first-child panel-last-child\" data-index=\"6\" ><div class=\"sidebars panel-widget-style panel-widget-style-for-1065-3-1-0\" >\t\t\t<div class=\"textwidget\"><p><img loading=\"lazy\" decoding=\"async\" class=\"aligncenter wp-image-1095 size-large\" src=\"https:\/\/patagoniaysenfishing.com\/wp-content\/uploads\/2025\/10\/WhatsApp-Image-2025-10-30-at-15.37.26-768x1024.jpeg\" alt=\"\" width=\"768\" height=\"1024\" srcset=\"https:\/\/patagoniaysenfishing.com\/wp-content\/uploads\/2025\/10\/WhatsApp-Image-2025-10-30-at-15.37.26-768x1024.jpeg 768w, https:\/\/patagoniaysenfishing.com\/wp-content\/uploads\/2025\/10\/WhatsApp-Image-2025-10-30-at-15.37.26-225x300.jpeg 225w, https:\/\/patagoniaysenfishing.com\/wp-content\/uploads\/2025\/10\/WhatsApp-Image-2025-10-30-at-15.37.26.jpeg 960w\" sizes=\"(max-width: 768px) 100vw, 768px\" \/><\/p>\n<\/div>\n\t\t<\/div><\/div><\/div><\/div><\/div><div id=\"pg-1065-4\"  class=\"panel-grid panel-has-style\" ><div class=\"so-parallax siteorigin-panels-stretch panel-row-style panel-row-style-for-1065-4\" data-stretch-type=\"full\" ><img decoding=\"async\" width=\"1280\" height=\"303\" src=\"https:\/\/patagoniaysenfishing.com\/wp-content\/uploads\/2025\/11\/edited-1-e1763516915892.jpeg\" class=\"attachment-full size-full\" alt=\"\" data-siteorigin-parallax=\"true\" loading=\"eager\" style=\"opacity: 0.84;\" srcset=\"https:\/\/patagoniaysenfishing.com\/wp-content\/uploads\/2025\/11\/edited-1-e1763516915892.jpeg 1280w, https:\/\/patagoniaysenfishing.com\/wp-content\/uploads\/2025\/11\/edited-1-e1763516915892-300x71.jpeg 300w, https:\/\/patagoniaysenfishing.com\/wp-content\/uploads\/2025\/11\/edited-1-e1763516915892-1024x242.jpeg 1024w, https:\/\/patagoniaysenfishing.com\/wp-content\/uploads\/2025\/11\/edited-1-e1763516915892-768x182.jpeg 768w\" sizes=\"(max-width: 1280px) 100vw, 1280px\" \/><div id=\"pgc-1065-4-0\"  class=\"panel-grid-cell\" ><div id=\"panel-1065-4-0-0\" class=\"so-panel widget widget_text panel-first-child panel-last-child\" data-index=\"7\" >\t\t\t<div class=\"textwidget\"><style type=\"text\/css\">\n#foogallery-gallery-1132 .fg-image { width: 200px; }<\/style>\n\t\t\t<div class=\"foogallery foogallery-container foogallery-carousel foogallery-lightbox-foogallery fg-carousel fg-ready fg-light fg-border-medium fg-round-small fg-shadow-medium fg-loading-default fg-loaded-fade-in fg-hover-semi-zoomed fg-hover-fade fg-hover-circle-plus2\" id=\"foogallery-gallery-1132\" data-foogallery=\"{&quot;item&quot;:{&quot;showCaptionTitle&quot;:true,&quot;showCaptionDescription&quot;:true},&quot;lazy&quot;:true,&quot;template&quot;:{&quot;maxItems&quot;:5,&quot;scale&quot;:0.12,&quot;gutter&quot;:{&quot;min&quot;:-40,&quot;max&quot;:-20,&quot;unit&quot;:&quot;%&quot;},&quot;autoplay&quot;:{&quot;time&quot;:0,&quot;interaction&quot;:&quot;pause&quot;},&quot;centerOnClick&quot;:true}}\" data-foogallery-lightbox=\"{&quot;thumbs&quot;:&quot;bottom&quot;,&quot;thumbsCaptions&quot;:false,&quot;thumbsBestFit&quot;:false,&quot;thumbsSmall&quot;:false,&quot;thumbsCaptionsAlign&quot;:&quot;default&quot;,&quot;info&quot;:&quot;bottom&quot;,&quot;infoVisible&quot;:true,&quot;infoOverlay&quot;:true,&quot;infoAlign&quot;:&quot;default&quot;,&quot;transition&quot;:&quot;fade&quot;,&quot;hoverButtons&quot;:false,&quot;fitMedia&quot;:false,&quot;noScrollbars&quot;:true,&quot;preserveButtonSpace&quot;:true,&quot;buttons&quot;:{&quot;fullscreen&quot;:true,&quot;info&quot;:true,&quot;thumbs&quot;:false},&quot;video&quot;:{&quot;autoPlay&quot;:true}}\" >\n\t<button type=\"button\" class=\"fg-carousel-prev\"><\/button>\n\t<div class=\"fg-carousel-inner\">\n\t\t<div class=\"fg-carousel-center\"><\/div>\n\t\t<div class=\"fg-item fg-type-image fg-idle\"><figure class=\"fg-item-inner\"><a href=\"https:\/\/patagoniaysenfishing.com\/wp-content\/uploads\/2025\/10\/WhatsApp-Image-2025-10-30-at-15.37.26-1.jpeg\" data-attachment-id=\"1111\" data-e-disable-page-transition=\"true\" data-type=\"image\" class=\"fg-thumb\"><span class=\"fg-image-wrap\"><img decoding=\"async\" width=\"200\" height=\"200\" class=\"skip-lazy fg-image\" data-src-fg=\"https:\/\/patagoniaysenfishing.com\/wp-content\/uploads\/cache\/2025\/10\/WhatsApp-Image-2025-10-30-at-15_37_26-1\/2792807886.jpeg\" src=\"data:image\/svg+xml,%3Csvg%20xmlns%3D%22http%3A%2F%2Fwww.w3.org%2F2000%2Fsvg%22%20width%3D%22200%22%20height%3D%22200%22%20viewBox%3D%220%200%20200%20200%22%3E%3C%2Fsvg%3E\" loading=\"eager\"><\/span><span class=\"fg-image-overlay\"><\/span><\/a><\/figure><div class=\"fg-loader\"><\/div><\/div><div class=\"fg-item fg-type-image fg-idle\"><figure class=\"fg-item-inner\"><a href=\"https:\/\/patagoniaysenfishing.com\/wp-content\/uploads\/2025\/10\/WhatsApp-Image-2025-10-30-at-15.37.26.jpeg\" data-attachment-id=\"1095\" data-e-disable-page-transition=\"true\" data-type=\"image\" class=\"fg-thumb\"><span class=\"fg-image-wrap\"><img decoding=\"async\" width=\"200\" height=\"200\" class=\"skip-lazy fg-image\" data-src-fg=\"https:\/\/patagoniaysenfishing.com\/wp-content\/uploads\/cache\/2025\/10\/WhatsApp-Image-2025-10-30-at-15_37_26\/571703499.jpeg\" src=\"data:image\/svg+xml,%3Csvg%20xmlns%3D%22http%3A%2F%2Fwww.w3.org%2F2000%2Fsvg%22%20width%3D%22200%22%20height%3D%22200%22%20viewBox%3D%220%200%20200%20200%22%3E%3C%2Fsvg%3E\" loading=\"eager\"><\/span><span class=\"fg-image-overlay\"><\/span><\/a><\/figure><div class=\"fg-loader\"><\/div><\/div><div class=\"fg-item fg-type-image fg-idle\"><figure class=\"fg-item-inner\"><a href=\"https:\/\/patagoniaysenfishing.com\/wp-content\/uploads\/2025\/10\/WhatsApp-Image-2025-10-30-at-17.39.18.jpeg\" data-attachment-id=\"1115\" data-e-disable-page-transition=\"true\" data-type=\"image\" class=\"fg-thumb\"><span class=\"fg-image-wrap\"><img decoding=\"async\" width=\"200\" height=\"200\" class=\"skip-lazy fg-image\" data-src-fg=\"https:\/\/patagoniaysenfishing.com\/wp-content\/uploads\/cache\/2025\/10\/WhatsApp-Image-2025-10-30-at-17_39_18\/443308376.jpeg\" src=\"data:image\/svg+xml,%3Csvg%20xmlns%3D%22http%3A%2F%2Fwww.w3.org%2F2000%2Fsvg%22%20width%3D%22200%22%20height%3D%22200%22%20viewBox%3D%220%200%20200%20200%22%3E%3C%2Fsvg%3E\" loading=\"eager\"><\/span><span class=\"fg-image-overlay\"><\/span><\/a><\/figure><div class=\"fg-loader\"><\/div><\/div><div class=\"fg-item fg-type-image fg-idle\"><figure class=\"fg-item-inner\"><a href=\"https:\/\/patagoniaysenfishing.com\/wp-content\/uploads\/2025\/10\/mainpage.jpeg\" data-attachment-id=\"1101\" data-e-disable-page-transition=\"true\" data-type=\"image\" class=\"fg-thumb\"><span class=\"fg-image-wrap\"><img decoding=\"async\" width=\"200\" height=\"200\" class=\"skip-lazy fg-image\" data-src-fg=\"https:\/\/patagoniaysenfishing.com\/wp-content\/uploads\/cache\/2025\/10\/mainpage\/3933455395.jpeg\" src=\"data:image\/svg+xml,%3Csvg%20xmlns%3D%22http%3A%2F%2Fwww.w3.org%2F2000%2Fsvg%22%20width%3D%22200%22%20height%3D%22200%22%20viewBox%3D%220%200%20200%20200%22%3E%3C%2Fsvg%3E\" loading=\"eager\"><\/span><span class=\"fg-image-overlay\"><\/span><\/a><\/figure><div class=\"fg-loader\"><\/div><\/div>\t<\/div>\n\t<div class=\"fg-carousel-bottom\"><\/div>\n\t<div class=\"fg-carousel-progress\"><\/div>\n\t<button type=\"button\" class=\"fg-carousel-next\"><\/button>\n<\/div>\n<\/div>\n\t\t<\/div><\/div><\/div><\/div><\/div>","protected":false},"excerpt":{"rendered":"<p class=\"excerpt\">Je vous propose de vous faire d\u00e9couvrir ce que la Patagonie chilienne a de plus beau \u00e0 vous offrir : au moment o\u00f9 l\u2019hiver gagne l\u2019Europe, le printemps arrive au Chili\u2026 Il s\u2019agit d\u2019un s\u00e9jour en dehors des sentiers battus et des coins de p\u00eache les plus fr\u00e9quent\u00e9s, afin de vous proposer quelque chose d\u2019unique<\/p>\n","protected":false},"author":1,"featured_media":0,"parent":0,"menu_order":0,"comment_status":"closed","ping_status":"closed","template":"template-builder.php","meta":{"footnotes":""},"class_list":["post-1065","page","type-page","status-publish","hentry"],"_links":{"self":[{"href":"https:\/\/patagoniaysenfishing.com\/index.php?rest_route=\/wp\/v2\/pages\/1065","targetHints":{"allow":["GET"]}}],"collection":[{"href":"https:\/\/patagoniaysenfishing.com\/index.php?rest_route=\/wp\/v2\/pages"}],"about":[{"href":"https:\/\/patagoniaysenfishing.com\/index.php?rest_route=\/wp\/v2\/types\/page"}],"author":[{"embeddable":true,"href":"https:\/\/patagoniaysenfishing.com\/index.php?rest_route=\/wp\/v2\/users\/1"}],"replies":[{"embeddable":true,"href":"https:\/\/patagoniaysenfishing.com\/index.php?rest_route=%2Fwp%2Fv2%2Fcomments&post=1065"}],"version-history":[{"count":52,"href":"https:\/\/patagoniaysenfishing.com\/index.php?rest_route=\/wp\/v2\/pages\/1065\/revisions"}],"predecessor-version":[{"id":1233,"href":"https:\/\/patagoniaysenfishing.com\/index.php?rest_route=\/wp\/v2\/pages\/1065\/revisions\/1233"}],"wp:attachment":[{"href":"https:\/\/patagoniaysenfishing.com\/index.php?rest_route=%2Fwp%2Fv2%2Fmedia&parent=1065"}],"curies":[{"name":"wp","href":"https:\/\/api.w.org\/{rel}","templated":true}]}}