{"id":1009,"date":"2025-09-23T10:07:45","date_gmt":"2025-09-23T13:07:45","guid":{"rendered":"https:\/\/patagoniaysenfishing.com\/?page_id=1009"},"modified":"2025-12-20T11:57:00","modified_gmt":"2025-12-20T14:57:00","slug":"tarifs","status":"publish","type":"page","link":"https:\/\/patagoniaysenfishing.com\/?page_id=1009","title":{"rendered":"Tarifs"},"content":{"rendered":"\n<p>Pour toutes informations ou en cas de doutes sur les s\u00e9jours en itin\u00e9rance, je suis \u00e0 votre \u00e9coute.<br>Pour des questions d\u2019organisation, je prendrai contact avec chaque p\u00eacheur avant le d\u00e9but du s\u00e9jour.<br>Nous \u00e9changerons un moment afin de conna\u00eetre vos attentes concernant la p\u00eache, votre niveau de mobilit\u00e9, votre condition physique, vos allergies, ainsi que tout r\u00e9gime particulier pour la nourriture\u2026<br>Je pourrai \u00e9galement vous annoncer la tendance m\u00e9t\u00e9o et le niveau des rivi\u00e8res pour votre s\u00e9jour.<br>Pour toute r\u00e9servation, un acompte de 30 % du prix du s\u00e9jour sera demand\u00e9.<\/p>\n\n\n\n<h1 class=\"wp-block-heading\">Tarifs<\/h1>\n\n\n\n<p><br>Pour coller au mieux aux envies et au budget de chaque p\u00eacheur, je vous propose diff\u00e9rentes formules, de la journ\u00e9e \u00e0 la semaine de p\u00eache.<\/p>\n\n\n\n<h2 class=\"wp-block-heading\"><br>Formule 7 jours<\/h2>\n\n\n\n<p><\/p>\n\n\n\n<p>Inclus : 5 jours de guidage, licence de p\u00eache, v\u00e9hicule, bateau (type cataraft), repas, boissons, h\u00e9bergement, possibilit\u00e9 de pr\u00eat de mat\u00e9riel, transfert \u00e0 l\u2019a\u00e9roport.<br>Non inclus : pourboire, vol, excursions, d\u00e9penses personnelles.<\/p>\n\n\n\n<p>Groupe de 3 personnes : 2 400 \u20ac \/ pers.<br>Groupe de 2 personnes : 2 800 \u20ac \/ pers.<br>P\u00eacheur seul : 3500 \u20ac.<\/p>\n\n\n\n<h2 class=\"wp-block-heading\">Formule 4 jours<\/h2>\n\n\n\n<p><br>Inclus : 3 jours de guidage, licence de p\u00eache, v\u00e9hicule, bateau (type cataraft), repas, boissons, h\u00e9bergement, possibilit\u00e9 de pr\u00eat de mat\u00e9riel.<br>Non inclus : pourboire, vol, excursion, d\u00e9penses personnelles.<\/p>\n\n\n\n<p>Groupe de 3 personnes : 1 400 \u20ac \/ pers.<br>Groupe de 2 personnes : 1 600 \u20ac \/ pers.<br>P\u00eacheur seul : 2 000 \u20ac.<\/p>\n\n\n\n<h2 class=\"wp-block-heading\">Formule 3 jours:<\/h2>\n\n\n\n<p><br>Inclus : 2 jours de guidage, licence de p\u00eache, v\u00e9hicule, bateau (type cataraft), repas, boissons, h\u00e9bergement, possibilit\u00e9 de pr\u00eat de mat\u00e9riel.<br>Non inclus : pourboire, vol, excursion, d\u00e9penses personnelles.<\/p>\n\n\n\n<p>Groupe de 3 personnes : 800 \u20ac \/ pers.<br>Groupe de 2 personnes : 900 \u20ac \/ pers.<br>P\u00eacheur seul : 1 000 \u20ac.<\/p>\n\n\n\n<h2 class=\"wp-block-heading\">Journee de guidage<\/h2>\n\n\n\n<p><\/p>\n\n\n\n<p>Inclus : v\u00e9hicule, pr\u00eat de mat\u00e9riel, boissons, pique-nique.<br>Non inclus : pourboire, transfert \u00e0 l\u2019a\u00e9roport, licence de p\u00eache (environ 50 \u20ac).<\/p>\n\n\n\n<p>Groupe de 3 personnes : 280 \u20ac \/ pers.<br>Groupe de 2 personnes : 300 \u20ac \/ pers.<br>P\u00eacheur seul : 350 euros.<\/p>\n\n\n\n<p>Les alentours de Coyhaique sont parfaits pour une journee de peche, nous aurons plusieurs options suivants vos envies a peu.<\/p>\n","protected":false},"excerpt":{"rendered":"<p class=\"excerpt\">Pour toutes informations ou en cas de doutes sur les s\u00e9jours en itin\u00e9rance, je suis \u00e0 votre \u00e9coute.Pour des questions d\u2019organisation, je prendrai contact avec chaque p\u00eacheur avant le d\u00e9but du s\u00e9jour.Nous \u00e9changerons un moment afin de conna\u00eetre vos attentes concernant la p\u00eache, votre niveau de mobilit\u00e9, votre condition physique, vos allergies, ainsi que tout<\/p>\n","protected":false},"author":1,"featured_media":0,"parent":0,"menu_order":0,"comment_status":"closed","ping_status":"closed","template":"","meta":{"footnotes":""},"class_list":["post-1009","page","type-page","status-publish","hentry"],"_links":{"self":[{"href":"https:\/\/patagoniaysenfishing.com\/index.php?rest_route=\/wp\/v2\/pages\/1009","targetHints":{"allow":["GET"]}}],"collection":[{"href":"https:\/\/patagoniaysenfishing.com\/index.php?rest_route=\/wp\/v2\/pages"}],"about":[{"href":"https:\/\/patagoniaysenfishing.com\/index.php?rest_route=\/wp\/v2\/types\/page"}],"author":[{"embeddable":true,"href":"https:\/\/patagoniaysenfishing.com\/index.php?rest_route=\/wp\/v2\/users\/1"}],"replies":[{"embeddable":true,"href":"https:\/\/patagoniaysenfishing.com\/index.php?rest_route=%2Fwp%2Fv2%2Fcomments&post=1009"}],"version-history":[{"count":7,"href":"https:\/\/patagoniaysenfishing.com\/index.php?rest_route=\/wp\/v2\/pages\/1009\/revisions"}],"predecessor-version":[{"id":1239,"href":"https:\/\/patagoniaysenfishing.com\/index.php?rest_route=\/wp\/v2\/pages\/1009\/revisions\/1239"}],"wp:attachment":[{"href":"https:\/\/patagoniaysenfishing.com\/index.php?rest_route=%2Fwp%2Fv2%2Fmedia&parent=1009"}],"curies":[{"name":"wp","href":"https:\/\/api.w.org\/{rel}","templated":true}]}}