{"id":1005,"date":"2025-09-23T10:07:16","date_gmt":"2025-09-23T13:07:16","guid":{"rendered":"https:\/\/patagoniaysenfishing.com\/?page_id=1005"},"modified":"2025-12-20T11:46:12","modified_gmt":"2025-12-20T14:46:12","slug":"meteo","status":"publish","type":"page","link":"https:\/\/patagoniaysenfishing.com\/?page_id=1005","title":{"rendered":"Meteo"},"content":{"rendered":"<style type=\"text\/css\">\n#foogallery-gallery-1202 .fg-image { width: 200px; }<\/style>\n\t\t\t<div class=\"foogallery foogallery-container foogallery-carousel foogallery-lightbox-foogallery fg-carousel fg-ready fg-light fg-border-medium fg-round-small fg-shadow-medium fg-loading-default fg-loaded-fade-in fg-hover-semi-zoomed fg-hover-fade fg-hover-circle-plus2\" id=\"foogallery-gallery-1202\" data-foogallery=\"{&quot;item&quot;:{&quot;showCaptionTitle&quot;:true,&quot;showCaptionDescription&quot;:true},&quot;lazy&quot;:true,&quot;template&quot;:{&quot;maxItems&quot;:5,&quot;scale&quot;:0.12,&quot;gutter&quot;:{&quot;min&quot;:-40,&quot;max&quot;:-20,&quot;unit&quot;:&quot;%&quot;},&quot;autoplay&quot;:{&quot;time&quot;:0,&quot;interaction&quot;:&quot;pause&quot;},&quot;centerOnClick&quot;:true}}\" data-foogallery-lightbox=\"{&quot;thumbs&quot;:&quot;bottom&quot;,&quot;thumbsCaptions&quot;:false,&quot;thumbsBestFit&quot;:false,&quot;thumbsSmall&quot;:false,&quot;thumbsCaptionsAlign&quot;:&quot;default&quot;,&quot;info&quot;:&quot;bottom&quot;,&quot;infoVisible&quot;:true,&quot;infoOverlay&quot;:true,&quot;infoAlign&quot;:&quot;default&quot;,&quot;transition&quot;:&quot;fade&quot;,&quot;hoverButtons&quot;:false,&quot;fitMedia&quot;:false,&quot;noScrollbars&quot;:true,&quot;preserveButtonSpace&quot;:true,&quot;buttons&quot;:{&quot;fullscreen&quot;:true,&quot;info&quot;:true,&quot;thumbs&quot;:false},&quot;video&quot;:{&quot;autoPlay&quot;:true}}\" >\n\t<button type=\"button\" class=\"fg-carousel-prev\"><\/button>\n\t<div class=\"fg-carousel-inner\">\n\t\t<div class=\"fg-carousel-center\"><\/div>\n\t\t<div class=\"fg-item fg-type-image fg-idle\"><figure class=\"fg-item-inner\"><a href=\"https:\/\/patagoniaysenfishing.com\/wp-content\/uploads\/2025\/12\/edited.jpeg\" data-attachment-id=\"1190\" data-e-disable-page-transition=\"true\" data-type=\"image\" class=\"fg-thumb\"><span class=\"fg-image-wrap\"><img decoding=\"async\" width=\"200\" height=\"200\" class=\"skip-lazy fg-image\" data-src-fg=\"https:\/\/patagoniaysenfishing.com\/wp-content\/uploads\/cache\/2025\/12\/edited\/3500507623.jpeg\" src=\"data:image\/svg+xml,%3Csvg%20xmlns%3D%22http%3A%2F%2Fwww.w3.org%2F2000%2Fsvg%22%20width%3D%22200%22%20height%3D%22200%22%20viewBox%3D%220%200%20200%20200%22%3E%3C%2Fsvg%3E\" loading=\"eager\"><\/span><span class=\"fg-image-overlay\"><\/span><\/a><\/figure><div class=\"fg-loader\"><\/div><\/div><div class=\"fg-item fg-type-image fg-idle\"><figure class=\"fg-item-inner\"><a href=\"https:\/\/patagoniaysenfishing.com\/wp-content\/uploads\/2025\/10\/WhatsApp-Image-2025-10-30-at-15.37.26-1.jpeg\" data-attachment-id=\"1111\" data-e-disable-page-transition=\"true\" data-type=\"image\" class=\"fg-thumb\"><span class=\"fg-image-wrap\"><img decoding=\"async\" width=\"200\" height=\"200\" class=\"skip-lazy fg-image\" data-src-fg=\"https:\/\/patagoniaysenfishing.com\/wp-content\/uploads\/cache\/2025\/10\/WhatsApp-Image-2025-10-30-at-15_37_26-1\/3547078651.jpeg\" src=\"data:image\/svg+xml,%3Csvg%20xmlns%3D%22http%3A%2F%2Fwww.w3.org%2F2000%2Fsvg%22%20width%3D%22200%22%20height%3D%22200%22%20viewBox%3D%220%200%20200%20200%22%3E%3C%2Fsvg%3E\" loading=\"eager\"><\/span><span class=\"fg-image-overlay\"><\/span><\/a><\/figure><div class=\"fg-loader\"><\/div><\/div><div class=\"fg-item fg-type-image fg-idle\"><figure class=\"fg-item-inner\"><a href=\"https:\/\/patagoniaysenfishing.com\/wp-content\/uploads\/2025\/12\/WhatsApp-Image-2025-10-30-at-15.46.45.jpeg\" data-attachment-id=\"1204\" data-e-disable-page-transition=\"true\" data-type=\"image\" class=\"fg-thumb\"><span class=\"fg-image-wrap\"><img decoding=\"async\" width=\"200\" height=\"200\" class=\"skip-lazy fg-image\" data-src-fg=\"https:\/\/patagoniaysenfishing.com\/wp-content\/uploads\/cache\/2025\/12\/WhatsApp-Image-2025-10-30-at-15_46_45\/1655118568.jpeg\" src=\"data:image\/svg+xml,%3Csvg%20xmlns%3D%22http%3A%2F%2Fwww.w3.org%2F2000%2Fsvg%22%20width%3D%22200%22%20height%3D%22200%22%20viewBox%3D%220%200%20200%20200%22%3E%3C%2Fsvg%3E\" loading=\"eager\"><\/span><span class=\"fg-image-overlay\"><\/span><\/a><\/figure><div class=\"fg-loader\"><\/div><\/div><div class=\"fg-item fg-type-image fg-idle\"><figure class=\"fg-item-inner\"><a href=\"https:\/\/patagoniaysenfishing.com\/wp-content\/uploads\/2025\/12\/WhatsApp-Image-2025-10-30-at-15.47.03.jpeg\" data-attachment-id=\"1205\" data-e-disable-page-transition=\"true\" data-type=\"image\" class=\"fg-thumb\"><span class=\"fg-image-wrap\"><img decoding=\"async\" width=\"200\" height=\"200\" class=\"skip-lazy fg-image\" data-src-fg=\"https:\/\/patagoniaysenfishing.com\/wp-content\/uploads\/cache\/2025\/12\/WhatsApp-Image-2025-10-30-at-15_47_03\/1439291857.jpeg\" src=\"data:image\/svg+xml,%3Csvg%20xmlns%3D%22http%3A%2F%2Fwww.w3.org%2F2000%2Fsvg%22%20width%3D%22200%22%20height%3D%22200%22%20viewBox%3D%220%200%20200%20200%22%3E%3C%2Fsvg%3E\" loading=\"eager\"><\/span><span class=\"fg-image-overlay\"><\/span><\/a><\/figure><div class=\"fg-loader\"><\/div><\/div><div class=\"fg-item fg-type-image fg-idle\"><figure class=\"fg-item-inner\"><a href=\"https:\/\/patagoniaysenfishing.com\/wp-content\/uploads\/2025\/12\/WhatsApp-Image-2025-12-09-at-18.08.59-1.jpeg\" data-attachment-id=\"1206\" data-e-disable-page-transition=\"true\" data-type=\"image\" class=\"fg-thumb\"><span class=\"fg-image-wrap\"><img decoding=\"async\" width=\"200\" height=\"200\" class=\"skip-lazy fg-image\" data-src-fg=\"https:\/\/patagoniaysenfishing.com\/wp-content\/uploads\/cache\/2025\/12\/WhatsApp-Image-2025-12-09-at-18_08_59-1\/2066193337.jpeg\" src=\"data:image\/svg+xml,%3Csvg%20xmlns%3D%22http%3A%2F%2Fwww.w3.org%2F2000%2Fsvg%22%20width%3D%22200%22%20height%3D%22200%22%20viewBox%3D%220%200%20200%20200%22%3E%3C%2Fsvg%3E\" loading=\"eager\"><\/span><span class=\"fg-image-overlay\"><\/span><\/a><\/figure><div class=\"fg-loader\"><\/div><\/div><div class=\"fg-item fg-type-image fg-idle\"><figure class=\"fg-item-inner\"><a href=\"https:\/\/patagoniaysenfishing.com\/wp-content\/uploads\/2025\/12\/WhatsApp-Image-2025-12-09-at-18.08.59.jpeg\" data-attachment-id=\"1207\" data-e-disable-page-transition=\"true\" data-type=\"image\" class=\"fg-thumb\"><span class=\"fg-image-wrap\"><img decoding=\"async\" width=\"200\" height=\"200\" class=\"skip-lazy fg-image\" data-src-fg=\"https:\/\/patagoniaysenfishing.com\/wp-content\/uploads\/cache\/2025\/12\/WhatsApp-Image-2025-12-09-at-18_08_59\/1166237514.jpeg\" src=\"data:image\/svg+xml,%3Csvg%20xmlns%3D%22http%3A%2F%2Fwww.w3.org%2F2000%2Fsvg%22%20width%3D%22200%22%20height%3D%22200%22%20viewBox%3D%220%200%20200%20200%22%3E%3C%2Fsvg%3E\" loading=\"eager\"><\/span><span class=\"fg-image-overlay\"><\/span><\/a><\/figure><div class=\"fg-loader\"><\/div><\/div>\t<\/div>\n\t<div class=\"fg-carousel-bottom\"><\/div>\n\t<div class=\"fg-carousel-progress\"><\/div>\n\t<button type=\"button\" class=\"fg-carousel-next\"><\/button>\n<\/div>\n\n\n\n<p>La Patagonie est constitu\u00e9e de plusieurs r\u00e9gions ; c\u2019est une zone immense d\u2019environ 1 000 km. La r\u00e9gion d\u2019Ays\u00e9n se trouve au centre de celle-ci.<\/p>\n\n\n\n<p>Au sud se trouve la r\u00e9gion de Magallanes, au climat fortement influenc\u00e9 par l\u2019Antarctique. Le climat y est plus froid et venteux ; plus au nord de Coyhaique commence la r\u00e9gion des lacs, avec des temp\u00e9ratures plus douces.<\/p>\n\n\n\n<p>\u00c0 l\u2019ouest, l\u2019oc\u00e9an Pacifique ; \u00e0 l\u2019est, la cordill\u00e8re des Andes et ses sommets enneig\u00e9s ; entre les deux : fjords, glaciers immenses, rivi\u00e8res, lacs et paysages vallonn\u00e9s nous attendent.<\/p>\n\n\n\n<p>Les hivers sont pluvieux et froids, de juin \u00e0 fin ao\u00fbt, avec des quantit\u00e9s d\u2019eau pouvant d\u00e9passer 1 000 mm par semaine\u2026<br>Le 18 septembre, jour de f\u00eate nationale au Chili, annonce \u00e9galement l\u2019arriv\u00e9e du printemps et la promesse de temp\u00e9ratures plus cl\u00e9mentes.<br>Les \u00e9t\u00e9s sont relativement doux, avec une hausse du thermom\u00e8tre pour les mois de d\u00e9cembre, janvier et f\u00e9vrier.<\/p>\n\n\n\n<p>Pour ces mois-ci, les temp\u00e9ratures pourront avoisiner les 25 degr\u00e9s la journ\u00e9e et une dizaine la nuit.<\/p>\n\n\n\n<p>Le temps peut changer rapidement ; il est important d\u2019y \u00eatre pr\u00e9par\u00e9, afin de profiter, dans les meilleures conditions, de sa journ\u00e9e.<\/p>\n\n\n\n<p>C\u00f4t\u00e9 chilien, la v\u00e9g\u00e9tation est assez exub\u00e9rante, avec une faune et une flore riches, dues \u00e0 des pr\u00e9cipitations importantes l\u2019hiver.<\/p>\n\n\n\n<p>Les amateurs d\u2019oiseaux et d\u2019animaux seront ravis. Parmi les esp\u00e8ces pr\u00e9sentes, nous pourrons observer : condors, colibris, ibis, aigles, faucons, oies sauvages, faisans, cerfs rouges, li\u00e8vres\u2026 Avec de la chance, peut-\u00eatre observer un puma ou voir ses traces, car nous serons sur son territoire\u2026<\/p>\n\n\n\n<p>Il est \u00e9videmment impossible de programmer la m\u00e9t\u00e9o de votre s\u00e9jour ; je pourrai n\u00e9anmoins vous informer sur celle-ci quelques jours avant votre d\u00e9part, afin d\u2019emporter le mat\u00e9riel le plus appropri\u00e9.<\/p>\n\n\n\n<p>Le vent peut \u00eatre pr\u00e9sent, plus ou moins fort ; ceci dit, il ne m\u2019a jamais d\u00e9rang\u00e9 et ne doit pas \u00eatre un frein pour venir d\u00e9couvrir la Patagonie.<\/p>\n\n\n\n<p>Nous aurons toujours l\u2019opportunit\u00e9 de le fuir gr\u00e2ce \u00e0 la g\u00e9ographie vari\u00e9e des lieux et de trouver un secteur plus abrit\u00e9. Nous pourrons \u00e9galement nous en servir en faisant de beaux roul\u00e9s aval, ce qui fonctionne \u00e0 merveille.<\/p>\n\n\n\n<p><\/p>\n","protected":false},"excerpt":{"rendered":"<p class=\"excerpt\">La Patagonie est constitu\u00e9e de plusieurs r\u00e9gions ; c\u2019est une zone immense d\u2019environ 1 000 km. La r\u00e9gion d\u2019Ays\u00e9n se trouve au centre de celle-ci. Au sud se trouve la r\u00e9gion de Magallanes, au climat fortement influenc\u00e9 par l\u2019Antarctique. Le climat y est plus froid et venteux ; plus au nord de Coyhaique commence la<\/p>\n","protected":false},"author":1,"featured_media":0,"parent":0,"menu_order":0,"comment_status":"closed","ping_status":"closed","template":"","meta":{"footnotes":""},"class_list":["post-1005","page","type-page","status-publish","hentry"],"_links":{"self":[{"href":"https:\/\/patagoniaysenfishing.com\/index.php?rest_route=\/wp\/v2\/pages\/1005","targetHints":{"allow":["GET"]}}],"collection":[{"href":"https:\/\/patagoniaysenfishing.com\/index.php?rest_route=\/wp\/v2\/pages"}],"about":[{"href":"https:\/\/patagoniaysenfishing.com\/index.php?rest_route=\/wp\/v2\/types\/page"}],"author":[{"embeddable":true,"href":"https:\/\/patagoniaysenfishing.com\/index.php?rest_route=\/wp\/v2\/users\/1"}],"replies":[{"embeddable":true,"href":"https:\/\/patagoniaysenfishing.com\/index.php?rest_route=%2Fwp%2Fv2%2Fcomments&post=1005"}],"version-history":[{"count":6,"href":"https:\/\/patagoniaysenfishing.com\/index.php?rest_route=\/wp\/v2\/pages\/1005\/revisions"}],"predecessor-version":[{"id":1209,"href":"https:\/\/patagoniaysenfishing.com\/index.php?rest_route=\/wp\/v2\/pages\/1005\/revisions\/1209"}],"wp:attachment":[{"href":"https:\/\/patagoniaysenfishing.com\/index.php?rest_route=%2Fwp%2Fv2%2Fmedia&parent=1005"}],"curies":[{"name":"wp","href":"https:\/\/api.w.org\/{rel}","templated":true}]}}