{"id":1001,"date":"2025-09-23T10:06:09","date_gmt":"2025-09-23T13:06:09","guid":{"rendered":"https:\/\/patagoniaysenfishing.com\/?page_id=1001"},"modified":"2025-12-20T11:43:08","modified_gmt":"2025-12-20T14:43:08","slug":"guide","status":"publish","type":"page","link":"https:\/\/patagoniaysenfishing.com\/?page_id=1001","title":{"rendered":"Guide"},"content":{"rendered":"\n<h2 class=\"wp-block-heading\">Bonjour et bienvenue \u00e0 tous.<\/h2>\n\n\n<div class=\"wp-block-image\">\n<figure class=\"alignright size-medium\"><img fetchpriority=\"high\" decoding=\"async\" width=\"225\" height=\"300\" src=\"https:\/\/patagoniaysenfishing.com\/wp-content\/uploads\/2025\/11\/WhatsApp-Image-2025-11-14-at-12.23.47-225x300.jpeg\" alt=\"\" class=\"wp-image-1121\" srcset=\"https:\/\/patagoniaysenfishing.com\/wp-content\/uploads\/2025\/11\/WhatsApp-Image-2025-11-14-at-12.23.47-225x300.jpeg 225w, https:\/\/patagoniaysenfishing.com\/wp-content\/uploads\/2025\/11\/WhatsApp-Image-2025-11-14-at-12.23.47-767x1024.jpeg 767w, https:\/\/patagoniaysenfishing.com\/wp-content\/uploads\/2025\/11\/WhatsApp-Image-2025-11-14-at-12.23.47-768x1025.jpeg 768w, https:\/\/patagoniaysenfishing.com\/wp-content\/uploads\/2025\/11\/WhatsApp-Image-2025-11-14-at-12.23.47.jpeg 959w\" sizes=\"(max-width: 225px) 100vw, 225px\" \/><\/figure>\n<\/div>\n\n\n<p>Je m\u2019appelle Matthieu Fradin, originaire d\u2019Auvergne. C\u2019est dans les rivi\u00e8res de la montagne bourbonnaise, Sichon, Besbre\u2026 que je suivais, haut comme trois pommes, mon grand-p\u00e8re et mon p\u00e8re \u00e0 la p\u00eache aux app\u00e2ts naturels.<\/p>\n\n\n\n<p>La rivi\u00e8re Sioule, non loin de l\u00e0, a commenc\u00e9 \u00e0 faire na\u00eetre une autre passion : celle de la p\u00eache \u00e0 la mouche.<\/p>\n\n\n\n<p>C\u2019est en se frottant aux rivi\u00e8res difficiles de France que la progression se fit : une des meilleures \u00e9coles qui existe, celle de l\u2019observation et de la remise en question permanente, jusqu\u2019au premier r\u00e9sultat\u2026<\/p>\n\n\n\n<p>Mon premier voyage en Patagonie chilienne fut un choc : je n\u2019avais jamais vu de paysages aussi grandioses (lacs immenses, fjords, glaciers) et de rivi\u00e8res aussi puissantes comme le rio Baker,Bravo plus au sud. Lorsque j\u2019ai vu cette rivi\u00e8re pour la premi\u00e8re fois, une grande \u00e9motion m\u2019a envahi : c\u2019\u00e9tait l\u00e0, bien r\u00e9el devant mes yeux, finies les cartes postales\u2026<\/p>\n\n\n\n<p>De retour en France afin de passer mon BPJEPS p\u00eache de loisir \u00e0 P\u00e9rigueux, les choses devenaient plus claires : la Patagonie m\u2019appelait, j&#8217;y vis desormais a l&#8217;annee.<\/p>\n\n\n\n<p>Mes autres passions sont en lien avec la nature et l\u2019aventure : parapente, guitare, voyage, champignons, cuisine\u2026<\/p>\n\n\n\n<p>C\u2019est une immense joie pour moi de vous accueillir dans cette r\u00e9gion magnifique et de vous faire d\u00e9couvrir son potentiel halieutique gigantesque, sa faune et sa flore.<\/p>\n\n\n\n<p>Des rivi\u00e8res sans barrage, en excellente sant\u00e9, avec de belles \u00e9closions, vous redonneront le sourire \u00e0 coup s\u00fbr.<\/p>\n\n\n\n<p>\u00c0 bient\u00f4t, Matthieu.<\/p>\n\n\n\n<p><\/p>\n","protected":false},"excerpt":{"rendered":"<p class=\"excerpt\">Bonjour et bienvenue \u00e0 tous. Je m\u2019appelle Matthieu Fradin, originaire d\u2019Auvergne. C\u2019est dans les rivi\u00e8res de la montagne bourbonnaise, Sichon, Besbre\u2026 que je suivais, haut comme trois pommes, mon grand-p\u00e8re et mon p\u00e8re \u00e0 la p\u00eache aux app\u00e2ts naturels. La rivi\u00e8re Sioule, non loin de l\u00e0, a commenc\u00e9 \u00e0 faire na\u00eetre une autre passion :<\/p>\n","protected":false},"author":1,"featured_media":0,"parent":0,"menu_order":0,"comment_status":"closed","ping_status":"closed","template":"","meta":{"footnotes":""},"class_list":["post-1001","page","type-page","status-publish","hentry"],"_links":{"self":[{"href":"https:\/\/patagoniaysenfishing.com\/index.php?rest_route=\/wp\/v2\/pages\/1001","targetHints":{"allow":["GET"]}}],"collection":[{"href":"https:\/\/patagoniaysenfishing.com\/index.php?rest_route=\/wp\/v2\/pages"}],"about":[{"href":"https:\/\/patagoniaysenfishing.com\/index.php?rest_route=\/wp\/v2\/types\/page"}],"author":[{"embeddable":true,"href":"https:\/\/patagoniaysenfishing.com\/index.php?rest_route=\/wp\/v2\/users\/1"}],"replies":[{"embeddable":true,"href":"https:\/\/patagoniaysenfishing.com\/index.php?rest_route=%2Fwp%2Fv2%2Fcomments&post=1001"}],"version-history":[{"count":6,"href":"https:\/\/patagoniaysenfishing.com\/index.php?rest_route=\/wp\/v2\/pages\/1001\/revisions"}],"predecessor-version":[{"id":1237,"href":"https:\/\/patagoniaysenfishing.com\/index.php?rest_route=\/wp\/v2\/pages\/1001\/revisions\/1237"}],"wp:attachment":[{"href":"https:\/\/patagoniaysenfishing.com\/index.php?rest_route=%2Fwp%2Fv2%2Fmedia&parent=1001"}],"curies":[{"name":"wp","href":"https:\/\/api.w.org\/{rel}","templated":true}]}}